{"id":1367,"date":"2021-09-14T16:15:24","date_gmt":"2021-09-14T14:15:24","guid":{"rendered":"https:\/\/mahina-psychologue.fr\/politique-de-confidentialite\/"},"modified":"2022-03-31T10:50:19","modified_gmt":"2022-03-31T08:50:19","slug":"privacy-policy","status":"publish","type":"page","link":"https:\/\/mahina-psychologue.fr\/en\/privacy-policy\/","title":{"rendered":"Privacy policy"},"content":{"rendered":"<p>[et_pb_section fb_built=&#8221;1&#8243; _builder_version=&#8221;3.22&#8243; global_colors_info=&#8221;{}&#8221;][et_pb_row _builder_version=&#8221;3.25&#8243; background_size=&#8221;initial&#8221; background_position=&#8221;top_left&#8221; background_repeat=&#8221;repeat&#8221; global_colors_info=&#8221;{}&#8221;][et_pb_column type=&#8221;4_4&#8243; _builder_version=&#8221;3.25&#8243; custom_padding=&#8221;|||&#8221; global_colors_info=&#8221;{}&#8221; custom_padding__hover=&#8221;|||&#8221;][et_pb_text _builder_version=&#8221;4.14.8&#8243; header_2_text_color=&#8221;#f05661&#8243; header_3_text_color=&#8221;#f05661&#8243; background_size=&#8221;initial&#8221; background_position=&#8221;top_left&#8221; background_repeat=&#8221;repeat&#8221; hover_enabled=&#8221;0&#8243; global_colors_info=&#8221;{}&#8221; sticky_enabled=&#8221;0&#8243;]<\/p>\n<h2>Who are we?<\/h2>\n<p>The address of our website is: https:\/\/mahina-psychologue.fr\/.<\/p>\n<h2>Usage of collected personnal data<\/h2>\n<h3>Contact form<\/h3>\n<p>Your Personal Information transmitted by the contact form is conserved by Mahina SCHLUBACH WITKOWSKI only for the time corresponding to the purpose of the collection and of the treatment of the associated demand. The conservation in any case cannot exceed 24 months.<\/p>\n<h3>Cookies<\/h3>\n<p>As soon as you enter our site, we put in place a certain number of cookies. These cookies do not include any personal data.<\/p>\n<p>You have the possibility to accept of refuse the cookies that are not necessary for the operation of the site.<br \/>\n<a id=\"cookie_action_close_header\" class=\"medium cli-plugin-button cli-plugin-main-button\" style=\"color: #ffffff; background-color: #f05661 !important;\" href=\"#\">Accept<\/a> <a id=\"cookie_action_close_header_reject\" class=\"medium cli-plugin-button cli-plugin-main-button\" style=\"color: #ffffff; background-color: #f05661 !important;\" href=\"#\">Refuse<\/a><\/p>\n<p>The saved cookies in your browser:<br \/>\n<table class=\"cookielawinfo-row-cat-table cookielawinfo-classic\"><thead><tr><th class=\"cookielawinfo-column-1\">Cookie<\/th><th class=\"cookielawinfo-column-2\">Type<\/th><th class=\"cookielawinfo-column-3\">Duration<\/th><th class=\"cookielawinfo-column-4\">Description<\/th><\/tr><\/thead><tbody><tr class=\"cookielawinfo-row\"><td class=\"cookielawinfo-column-1\">cookielawinfo-checkbox-analytics<\/td><td class=\"cookielawinfo-column-2\">necessary<\/td><td class=\"cookielawinfo-column-3\">11 month<\/td><td class=\"cookielawinfo-column-4\">This cookie records the user's consent in the \"Analytics\" category.<\/td><\/tr><tr class=\"cookielawinfo-row\"><td class=\"cookielawinfo-column-1\">cookielawinfo-checkbox-functional<\/td><td class=\"cookielawinfo-column-2\">necessary<\/td><td class=\"cookielawinfo-column-3\">11 month<\/td><td class=\"cookielawinfo-column-4\">This cookie stores the user's consent in the \"Functional\" category.<\/td><\/tr><tr class=\"cookielawinfo-row\"><td class=\"cookielawinfo-column-1\">cookielawinfo-checkbox-necessary<\/td><td class=\"cookielawinfo-column-2\">necessary<\/td><td class=\"cookielawinfo-column-3\">11 month<\/td><td class=\"cookielawinfo-column-4\">This cookie stores the user's consent in the \"Necessary\" category.<\/td><\/tr><tr class=\"cookielawinfo-row\"><td class=\"cookielawinfo-column-1\">cookielawinfo-checkbox-others<\/td><td class=\"cookielawinfo-column-2\">necessary<\/td><td class=\"cookielawinfo-column-3\">11 month<\/td><td class=\"cookielawinfo-column-4\">This cookie stores the user's consent in the \"Other\" category.<\/td><\/tr><tr class=\"cookielawinfo-row\"><td class=\"cookielawinfo-column-1\">cookielawinfo-checkbox-performance<\/td><td class=\"cookielawinfo-column-2\">necessary<\/td><td class=\"cookielawinfo-column-3\">11 month<\/td><td class=\"cookielawinfo-column-4\">This cookie records the user's consent in the \"Performance\" category.<\/td><\/tr><tr class=\"cookielawinfo-row\"><td class=\"cookielawinfo-column-1\">viewed_cookie_policy<\/td><td class=\"cookielawinfo-column-2\">necessary<\/td><td class=\"cookielawinfo-column-3\">11 month<\/td><td class=\"cookielawinfo-column-4\">Stores the user's permission to use cookies for the current domain, does not store any personal data.<\/td><\/tr><tr class=\"cookielawinfo-row\"><td class=\"cookielawinfo-column-1\">wordpress_test_cookie<\/td><td class=\"cookielawinfo-column-2\">necessary<\/td><td class=\"cookielawinfo-column-3\">session<\/td><td class=\"cookielawinfo-column-4\">Used to check whether the user's browser accepts cookies.<\/td><\/tr><tr class=\"cookielawinfo-row\"><td class=\"cookielawinfo-column-1\">wp-wpml_current_language<\/td><td class=\"cookielawinfo-column-2\">necessary<\/td><td class=\"cookielawinfo-column-3\">session<\/td><td class=\"cookielawinfo-column-4\">Language cookie to support language filtering.<\/td><\/tr><\/tbody><\/table><\/p>\n<p>Necessary: The necessary cookies contribute to make the website usable in activating the base functions such as the page\u2019s navigation and the access to secured zones on the website. The website cannot operate correctly without these cookies.<br \/>Preference: The preference cookies allow the website to retain information which modify the manner in which the site performs or is displayed, like your preferred language or the region in which you are situated.<br \/>Statistic : The statistic cookies help the owners of the website, by the collection and the communication of information in an anonymous manner, to understand how the visitors interact with the website.<br \/>Third-party: The third-party cookies allow our partners to handle load management of the server hosting the site.<\/p>\n<h3>Embedded content from other sites<\/h3>\n<p>The articles of this site may include integrated content (for example videos, images, articles\u2026). The integrated content from other sites performs in the same way as if the visitor went on that other site.<\/p>\n<p>These websites could collect data on you, using cookies, embed third-party monitoring tools, following your interactions with the embedded content that you have a connected account on their website.<\/p>\n<h3>Statistics and viewer measures<\/h3>\n<p>The statistic cookies help the owners of the website, by the collection and the communication of information in an anonymous manner, to understand how the users interact with the website. We use Google Analytics.<\/p>\n<h3>Usage and transmission of your personal data<\/h3>\n<p>Your data may be transmitted to third-party tools. None of your data is given, exchanged or sold to these partners.<\/p>\n<h3>Storage duration of your data<\/h3>\n<p>If you leave a comment, the comment and its metadata are conserved indefinitely. This allows to automatically recognize and approve the following comments instead of leaving them in the moderation queue.<\/p>\n<p>For the users who register themselves on our site (if this is possible), we also store the indicated personal data in their profile. The users can see, modify or delete their personal information at any moment (with the exception of their username). The managers of the site can also see and modify this information.<\/p>\n<h3>The rights that you have on your data<\/h3>\n<p>If you have an account and you have left comments on the site, you can ask to receive a file containing all the personal data that we have on your subject, including those that you have provided. You can also ask for the deletion of personal data that concerns you. This does not take into account the data stored for administrative, legal, or security reasons.<br \/>\nFor this, you just need to fill out the form below:<br \/>\n\t\t<form action=\"https:\/\/mahina-psychologue.fr\/wp-admin\/admin-ajax.php\" method=\"post\" id=\"gdrf-form\">\n\t\t\t<input type=\"hidden\" name=\"action\" value=\"gdrf_data_request\" \/>\n\t\t\t<input type=\"hidden\" name=\"gdrf_data_human_key\" id=\"gdrf_data_human_key\" value=\"50004\" \/>\n\t\t\t<input type=\"hidden\" name=\"gdrf_data_nonce\" id=\"gdrf_data_nonce\" value=\"3e7276960e\" \/>\n\n\t\t\t\t\t<div class=\"gdrf-field gdrf-field-action\" role=\"radiogroup\" aria-labelledby=\"gdrf-radio-label\">\n\t\t\t\t<p id=\"gdrf-radio-label\">\n\t\t\t\t\tSelect your request:\t\t\t\t<\/p>\n\n\t\t\t\t<input id=\"gdrf-data-type-export\" class=\"gdrf-data-type-input\" type=\"radio\" name=\"gdrf_data_type\" value=\"export_personal_data\" \/>\n\t\t\t\t<label for=\"gdrf-data-type-export\" class=\"gdrf-data-type-label\">\n\t\t\t\t\tExport Personal Data\t\t\t\t<\/label>\n\t\t\t\t<br \/>\n\t\t\t\t<input id=\"gdrf-data-type-remove\" class=\"gdrf-data-type-input\" type=\"radio\" name=\"gdrf_data_type\" value=\"remove_personal_data\" \/>\n\t\t\t\t<label for=\"gdrf-data-type-remove\" class=\"gdrf-data-type-label\">\n\t\t\t\t\tRemove Personal Data\t\t\t\t<\/label>\n\t\t\t<\/div>\n\t\t\n\t\t\t<p class=\"gdrf-field gdrf-field-email\">\n\t\t\t\t<label for=\"gdrf_data_email\">\n\t\t\t\t\tYour email address (required)\t\t\t\t<\/label>\n\t\t\t\t<input type=\"email\" id=\"gdrf_data_email\" name=\"gdrf_data_email\" required \/>\n\t\t\t<\/p>\n\n\t\t\t<p class=\"gdrf-field gdrf-field-human\">\n\t\t\t\t<label for=\"gdrf_data_human\">\n\t\t\t\t\tHuman verification (required):\t\t\t\t\t5\u00a0+\u00a04\u00a0=\u00a0?\t\t\t\t<\/label>\n\t\t\t\t<input type=\"text\" id=\"gdrf_data_human\" name=\"gdrf_data_human\" required \/>\n\t\t\t<\/p>\n\n\t\t\t<p class=\"gdrf-field gdrf-field-submit\">\n\t\t\t\t<input id=\"gdrf-submit-button\" type=\"submit\" class=\"wp-element-button\" value=\"Send Request\" \/>\n\t\t\t<\/p>\n\t\t<\/form>\n\t\t<\/p>\n<h3>Transmission of your personal data<\/h3>\n<p>The comments of visitors can be verified with the help of an automated detection service of undesired comments.<\/p>\n<h3>Informations de contact<\/h3>\n<p>Mahina SCHLUBACH WITKOWSKI responds to your questions relative to the privacy policy by email at contact[at]mahina-psychologue[.]fr<\/p>\n<h2>Supplementary information<\/h2>\n<h3>How we protect your data<\/h3>\n<p>Your data is encrypted as soon as they are transmitted by the SSL certificate.<\/p>\n<h3>Procedures put into action in case of a data leak<\/h3>\n<p>All of our users would be informed electronically.[\/et_pb_text][\/et_pb_column][\/et_pb_row][\/et_pb_section]<\/p>\n","protected":false},"excerpt":{"rendered":"<p>Who are we? The address of our website is: https:\/\/mahina-psychologue.fr\/. Usage of collected personnal data Contact form Your Personal Information transmitted by the contact form is conserved by Mahina SCHLUBACH WITKOWSKI only for the time corresponding to the purpose of the collection and of the treatment of the associated demand. The conservation in any case [&hellip;]<\/p>\n","protected":false},"author":1,"featured_media":0,"parent":0,"menu_order":50,"comment_status":"closed","ping_status":"closed","template":"","meta":{"_et_pb_use_builder":"on","_et_pb_old_content":"<!-- wp:heading --><h2>Qui sommes-nous\u00a0?<\/h2><!-- \/wp:heading --><!-- wp:paragraph --><p><strong class=\"privacy-policy-tutorial\">Texte sugg\u00e9r\u00e9\u00a0: <\/strong>L\u2019adresse de notre site est\u00a0: http:\/\/mahina-psychologue.fr.<\/p><!-- \/wp:paragraph --><!-- wp:heading --><h2>Commentaires<\/h2><!-- \/wp:heading --><!-- wp:paragraph --><p><strong class=\"privacy-policy-tutorial\">Texte sugg\u00e9r\u00e9\u00a0: <\/strong>Quand vous laissez un commentaire sur notre site, les donn\u00e9es inscrites dans le formulaire de commentaire, mais aussi votre adresse IP et l\u2019agent utilisateur de votre navigateur sont collect\u00e9s pour nous aider \u00e0 la d\u00e9tection des commentaires ind\u00e9sirables.<\/p><!-- \/wp:paragraph --><!-- wp:paragraph --><p>Une cha\u00eene anonymis\u00e9e cr\u00e9\u00e9e \u00e0 partir de votre adresse e-mail (\u00e9galement appel\u00e9e hash) peut \u00eatre envoy\u00e9e au service Gravatar pour v\u00e9rifier si vous utilisez ce dernier. Les clauses de confidentialit\u00e9 du service Gravatar sont disponibles ici\u00a0: https:\/\/automattic.com\/privacy\/. Apr\u00e8s validation de votre commentaire, votre photo de profil sera visible publiquement \u00e0 cot\u00e9 de votre commentaire.<\/p><!-- \/wp:paragraph --><!-- wp:heading --><h2>M\u00e9dias<\/h2><!-- \/wp:heading --><!-- wp:paragraph --><p><strong class=\"privacy-policy-tutorial\">Texte sugg\u00e9r\u00e9\u00a0: <\/strong>Si vous t\u00e9l\u00e9versez des images sur le site, nous vous conseillons d\u2019\u00e9viter de t\u00e9l\u00e9verser des images contenant des donn\u00e9es EXIF de coordonn\u00e9es GPS. Les personnes visitant votre site peuvent t\u00e9l\u00e9charger et extraire des donn\u00e9es de localisation depuis ces images.<\/p><!-- \/wp:paragraph --><!-- wp:heading --><h2>Cookies<\/h2><!-- \/wp:heading --><!-- wp:paragraph --><p><strong class=\"privacy-policy-tutorial\">Texte sugg\u00e9r\u00e9\u00a0: <\/strong>Si vous d\u00e9posez un commentaire sur notre site, il vous sera propos\u00e9 d\u2019enregistrer votre nom, adresse e-mail et site dans des cookies. C\u2019est uniquement pour votre confort afin de ne pas avoir \u00e0 saisir ces informations si vous d\u00e9posez un autre commentaire plus tard. Ces cookies expirent au bout d\u2019un an.<\/p><!-- \/wp:paragraph --><!-- wp:paragraph --><p>Si vous vous rendez sur la page de connexion, un cookie temporaire sera cr\u00e9\u00e9 afin de d\u00e9terminer si votre navigateur accepte les cookies. Il ne contient pas de donn\u00e9es personnelles et sera supprim\u00e9 automatiquement \u00e0 la fermeture de votre navigateur.<\/p><!-- \/wp:paragraph --><!-- wp:paragraph --><p>Lorsque vous vous connecterez, nous mettrons en place un certain nombre de cookies pour enregistrer vos informations de connexion et vos pr\u00e9f\u00e9rences d\u2019\u00e9cran. La dur\u00e9e de vie d\u2019un cookie de connexion est de deux jours, celle d\u2019un cookie d\u2019option d\u2019\u00e9cran est d\u2019un an. Si vous cochez \u00ab\u00a0Se souvenir de moi\u00a0\u00bb, votre cookie de connexion sera conserv\u00e9 pendant deux semaines. Si vous vous d\u00e9connectez de votre compte, le cookie de connexion sera effac\u00e9.<\/p><!-- \/wp:paragraph --><!-- wp:paragraph --><p>En modifiant ou en publiant une publication, un cookie suppl\u00e9mentaire sera enregistr\u00e9 dans votre navigateur. Ce cookie ne comprend aucune donn\u00e9e personnelle. Il indique simplement l\u2019ID de la publication que vous venez de modifier. Il expire au bout d\u2019un jour.<\/p><!-- \/wp:paragraph --><!-- wp:heading --><h2>Contenu embarqu\u00e9 depuis d\u2019autres sites<\/h2><!-- \/wp:heading --><!-- wp:paragraph --><p><strong class=\"privacy-policy-tutorial\">Texte sugg\u00e9r\u00e9\u00a0: <\/strong>Les articles de ce site peuvent inclure des contenus int\u00e9gr\u00e9s (par exemple des vid\u00e9os, images, articles\u2026). Le contenu int\u00e9gr\u00e9 depuis d\u2019autres sites se comporte de la m\u00eame mani\u00e8re que si le visiteur se rendait sur cet autre site.<\/p><!-- \/wp:paragraph --><!-- wp:paragraph --><p>Ces sites web pourraient collecter des donn\u00e9es sur vous, utiliser des cookies, embarquer des outils de suivis tiers, suivre vos interactions avec ces contenus embarqu\u00e9s si vous disposez d\u2019un compte connect\u00e9 sur leur site web.<\/p><!-- \/wp:paragraph --><!-- wp:heading --><h2>Utilisation et transmission de vos donn\u00e9es personnelles<\/h2><!-- \/wp:heading --><!-- wp:paragraph --><p><strong class=\"privacy-policy-tutorial\">Texte sugg\u00e9r\u00e9\u00a0: <\/strong>Si vous demandez une r\u00e9initialisation de votre mot de passe, votre adresse IP sera incluse dans l\u2019e-mail de r\u00e9initialisation.<\/p><!-- \/wp:paragraph --><!-- wp:heading --><h2>Dur\u00e9es de stockage de vos donn\u00e9es<\/h2><!-- \/wp:heading --><!-- wp:paragraph --><p><strong class=\"privacy-policy-tutorial\">Texte sugg\u00e9r\u00e9\u00a0: <\/strong>Si vous laissez un commentaire, le commentaire et ses m\u00e9tadonn\u00e9es sont conserv\u00e9s ind\u00e9finiment. Cela permet de reconna\u00eetre et approuver automatiquement les commentaires suivants au lieu de les laisser dans la file de mod\u00e9ration.<\/p><!-- \/wp:paragraph --><!-- wp:paragraph --><p>Pour les comptes qui s\u2019inscrivent sur notre site (le cas \u00e9ch\u00e9ant), nous stockons \u00e9galement les donn\u00e9es personnelles indiqu\u00e9es dans leur profil. Tous les comptes peuvent voir, modifier ou supprimer leurs informations personnelles \u00e0 tout moment (\u00e0 l\u2019exception de leur identifiant). Les gestionnaires du site peuvent aussi voir et modifier ces informations.<\/p><!-- \/wp:paragraph --><!-- wp:heading --><h2>Les droits que vous avez sur vos donn\u00e9es<\/h2><!-- \/wp:heading --><!-- wp:paragraph --><p><strong class=\"privacy-policy-tutorial\">Texte sugg\u00e9r\u00e9\u00a0: <\/strong>Si vous avez un compte ou si vous avez laiss\u00e9 des commentaires sur le site, vous pouvez demander \u00e0 recevoir un fichier contenant toutes les donn\u00e9es personnelles que nous poss\u00e9dons \u00e0 votre sujet, incluant celles que vous nous avez fournies. Vous pouvez \u00e9galement demander la suppression des donn\u00e9es personnelles vous concernant. Cela ne prend pas en compte les donn\u00e9es stock\u00e9es \u00e0 des fins administratives, l\u00e9gales ou pour des raisons de s\u00e9curit\u00e9.<\/p><!-- \/wp:paragraph --><!-- wp:heading --><h2>Transmission de vos donn\u00e9es personnelles<\/h2><!-- \/wp:heading --><!-- wp:paragraph --><p><strong class=\"privacy-policy-tutorial\">Texte sugg\u00e9r\u00e9\u00a0: <\/strong>Les commentaires des visiteurs peuvent \u00eatre v\u00e9rifi\u00e9s \u00e0 l\u2019aide d\u2019un service automatis\u00e9 de d\u00e9tection des commentaires ind\u00e9sirables.<\/p><!-- \/wp:paragraph -->","_et_gb_content_width":"","footnotes":""},"class_list":["post-1367","page","type-page","status-publish","hentry"],"_links":{"self":[{"href":"https:\/\/mahina-psychologue.fr\/en\/wp-json\/wp\/v2\/pages\/1367","targetHints":{"allow":["GET"]}}],"collection":[{"href":"https:\/\/mahina-psychologue.fr\/en\/wp-json\/wp\/v2\/pages"}],"about":[{"href":"https:\/\/mahina-psychologue.fr\/en\/wp-json\/wp\/v2\/types\/page"}],"author":[{"embeddable":true,"href":"https:\/\/mahina-psychologue.fr\/en\/wp-json\/wp\/v2\/users\/1"}],"replies":[{"embeddable":true,"href":"https:\/\/mahina-psychologue.fr\/en\/wp-json\/wp\/v2\/comments?post=1367"}],"version-history":[{"count":5,"href":"https:\/\/mahina-psychologue.fr\/en\/wp-json\/wp\/v2\/pages\/1367\/revisions"}],"predecessor-version":[{"id":1416,"href":"https:\/\/mahina-psychologue.fr\/en\/wp-json\/wp\/v2\/pages\/1367\/revisions\/1416"}],"wp:attachment":[{"href":"https:\/\/mahina-psychologue.fr\/en\/wp-json\/wp\/v2\/media?parent=1367"}],"curies":[{"name":"wp","href":"https:\/\/api.w.org\/{rel}","templated":true}]}}